{"id":2696,"date":"2025-01-16T09:01:48","date_gmt":"2025-01-16T15:01:48","guid":{"rendered":"https:\/\/orbienesraicesinstitute.com\/?post_type=product&#038;p=2696"},"modified":"2025-03-05T09:53:18","modified_gmt":"2025-03-05T15:53:18","slug":"realizar-un-analisis-de-valor-comercial","status":"publish","type":"product","link":"https:\/\/orbienesraicesinstitute.com\/index.php\/producto\/realizar-un-analisis-de-valor-comercial\/","title":{"rendered":"Realizar un An\u00e1lisis de Valor Comercial"},"content":{"rendered":"<p>Te compartimos una gu\u00eda f\u00e1cil y r\u00e1pida para hacer un an\u00e1lisis de valor a tus clientes<\/p>\n","protected":false},"excerpt":{"rendered":"<p>Te compartimos una gu\u00eda f\u00e1cil y r\u00e1pida para hacer un an\u00e1lisis de valor a tus clientes<\/p>\n","protected":false},"featured_media":2698,"template":"","meta":{"_acf_changed":false},"product_brand":[],"product_cat":[99],"product_tag":[],"class_list":{"0":"post-2696","1":"product","2":"type-product","3":"status-publish","4":"has-post-thumbnail","6":"product_cat-sin-categorizar","7":"membership-content","8":"access-restricted","10":"first","11":"instock","12":"downloadable","13":"virtual","14":"product-type-simple"},"acf":[],"_links":{"self":[{"href":"https:\/\/orbienesraicesinstitute.com\/index.php\/wp-json\/wp\/v2\/product\/2696","targetHints":{"allow":["GET"]}}],"collection":[{"href":"https:\/\/orbienesraicesinstitute.com\/index.php\/wp-json\/wp\/v2\/product"}],"about":[{"href":"https:\/\/orbienesraicesinstitute.com\/index.php\/wp-json\/wp\/v2\/types\/product"}],"wp:featuredmedia":[{"embeddable":true,"href":"https:\/\/orbienesraicesinstitute.com\/index.php\/wp-json\/wp\/v2\/media\/2698"}],"wp:attachment":[{"href":"https:\/\/orbienesraicesinstitute.com\/index.php\/wp-json\/wp\/v2\/media?parent=2696"}],"wp:term":[{"taxonomy":"product_brand","embeddable":true,"href":"https:\/\/orbienesraicesinstitute.com\/index.php\/wp-json\/wp\/v2\/product_brand?post=2696"},{"taxonomy":"product_cat","embeddable":true,"href":"https:\/\/orbienesraicesinstitute.com\/index.php\/wp-json\/wp\/v2\/product_cat?post=2696"},{"taxonomy":"product_tag","embeddable":true,"href":"https:\/\/orbienesraicesinstitute.com\/index.php\/wp-json\/wp\/v2\/product_tag?post=2696"}],"curies":[{"name":"wp","href":"https:\/\/api.w.org\/{rel}","templated":true}]}}