{"id":2739,"date":"2025-01-16T10:33:20","date_gmt":"2025-01-16T16:33:20","guid":{"rendered":"https:\/\/orbienesraicesinstitute.com\/?page_id=2739"},"modified":"2025-01-23T19:53:46","modified_gmt":"2025-01-24T01:53:46","slug":"documentos-a-utilizar-en-el-negocio-inmobiliario-de-comercializacion","status":"publish","type":"page","link":"https:\/\/orbienesraicesinstitute.com\/index.php\/documentos-a-utilizar-en-el-negocio-inmobiliario-de-comercializacion\/","title":{"rendered":"Documentos a utilizar en el negocio inmobiliario de comercializaci\u00f3n\u200b"},"content":{"rendered":"\t\t<div data-elementor-type=\"wp-page\" data-elementor-id=\"2739\" class=\"elementor elementor-2739\" data-elementor-post-type=\"page\">\n\t\t\t\t\t\t<section class=\"elementor-section elementor-top-section elementor-element elementor-element-7a502878 elementor-section-boxed elementor-section-height-default elementor-section-height-default\" data-id=\"7a502878\" data-element_type=\"section\" data-settings=\"{&quot;background_background&quot;:&quot;classic&quot;,&quot;background_motion_fx_motion_fx_scrolling&quot;:&quot;yes&quot;,&quot;background_motion_fx_translateY_effect&quot;:&quot;yes&quot;,&quot;background_motion_fx_translateY_speed&quot;:{&quot;unit&quot;:&quot;px&quot;,&quot;size&quot;:4,&quot;sizes&quot;:[]},&quot;background_motion_fx_translateY_affectedRange&quot;:{&quot;unit&quot;:&quot;%&quot;,&quot;size&quot;:&quot;&quot;,&quot;sizes&quot;:{&quot;start&quot;:0,&quot;end&quot;:100}},&quot;background_motion_fx_devices&quot;:[&quot;desktop&quot;,&quot;tablet&quot;,&quot;mobile&quot;]}\">\n\t\t\t\t\t\t\t<div class=\"elementor-background-overlay\"><\/div>\n\t\t\t\t\t\t\t<div class=\"elementor-container elementor-column-gap-default\">\n\t\t\t\t\t<div class=\"elementor-column elementor-col-100 elementor-top-column elementor-element elementor-element-17f50882\" data-id=\"17f50882\" data-element_type=\"column\">\n\t\t\t<div class=\"elementor-widget-wrap elementor-element-populated\">\n\t\t\t\t\t\t<div class=\"elementor-element elementor-element-31f97693 elementor-widget elementor-widget-spacer\" data-id=\"31f97693\" data-element_type=\"widget\" data-widget_type=\"spacer.default\">\n\t\t\t\t<div class=\"elementor-widget-container\">\n\t\t\t\t\t\t\t<div class=\"elementor-spacer\">\n\t\t\t<div class=\"elementor-spacer-inner\"><\/div>\n\t\t<\/div>\n\t\t\t\t\t\t<\/div>\n\t\t\t\t<\/div>\n\t\t\t\t<div class=\"elementor-element elementor-element-3c94a073 elementor-widget elementor-widget-heading\" data-id=\"3c94a073\" data-element_type=\"widget\" data-widget_type=\"heading.default\">\n\t\t\t\t<div class=\"elementor-widget-container\">\n\t\t\t\t\t<h2 class=\"elementor-heading-title elementor-size-default\">DOCUMENTOS A UTILIZAR EN EL NEGOCIO <\/h2>\t\t\t\t<\/div>\n\t\t\t\t<\/div>\n\t\t\t\t<div class=\"elementor-element elementor-element-4d67c486 elementor-widget elementor-widget-heading\" data-id=\"4d67c486\" data-element_type=\"widget\" data-widget_type=\"heading.default\">\n\t\t\t\t<div class=\"elementor-widget-container\">\n\t\t\t\t\t<h2 class=\"elementor-heading-title elementor-size-default\">INMOBILIARIO DE COMERCIALIZACI\u00d3N<\/h2>\t\t\t\t<\/div>\n\t\t\t\t<\/div>\n\t\t\t\t<div class=\"elementor-element elementor-element-48dce6df elementor-widget elementor-widget-spacer\" data-id=\"48dce6df\" data-element_type=\"widget\" data-widget_type=\"spacer.default\">\n\t\t\t\t<div class=\"elementor-widget-container\">\n\t\t\t\t\t\t\t<div class=\"elementor-spacer\">\n\t\t\t<div class=\"elementor-spacer-inner\"><\/div>\n\t\t<\/div>\n\t\t\t\t\t\t<\/div>\n\t\t\t\t<\/div>\n\t\t\t\t\t<\/div>\n\t\t<\/div>\n\t\t\t\t\t<\/div>\n\t\t<\/section>\n\t\t\t\t<section class=\"elementor-section elementor-top-section elementor-element elementor-element-352bdc7a elementor-section-boxed elementor-section-height-default elementor-section-height-default\" data-id=\"352bdc7a\" data-element_type=\"section\">\n\t\t\t\t\t\t<div class=\"elementor-container elementor-column-gap-default\">\n\t\t\t\t\t<div class=\"elementor-column elementor-col-100 elementor-top-column elementor-element elementor-element-4bea3307\" data-id=\"4bea3307\" data-element_type=\"column\">\n\t\t\t<div class=\"elementor-widget-wrap elementor-element-populated\">\n\t\t\t\t\t\t<div class=\"elementor-element elementor-element-ce6ae9e elementor-widget elementor-widget-spacer\" data-id=\"ce6ae9e\" data-element_type=\"widget\" data-widget_type=\"spacer.default\">\n\t\t\t\t<div class=\"elementor-widget-container\">\n\t\t\t\t\t\t\t<div class=\"elementor-spacer\">\n\t\t\t<div class=\"elementor-spacer-inner\"><\/div>\n\t\t<\/div>\n\t\t\t\t\t\t<\/div>\n\t\t\t\t<\/div>\n\t\t\t\t<div class=\"elementor-element elementor-element-66161227 elementor-widget elementor-widget-progress\" data-id=\"66161227\" data-element_type=\"widget\" data-widget_type=\"progress.default\">\n\t\t\t\t<div class=\"elementor-widget-container\">\n\t\t\t\t\t\t\t\t<span class=\"elementor-title\" id=\"elementor-progress-bar-66161227\">\n\t\t\t\tAvance del modulo\t\t\t<\/span>\n\t\t\n\t\t<div aria-labelledby=\"elementor-progress-bar-66161227\" class=\"elementor-progress-wrapper\" role=\"progressbar\" aria-valuemin=\"0\" aria-valuemax=\"100\" aria-valuenow=\"80\" aria-valuetext=\"80% (Agente Inmobiliario)\">\n\t\t\t<div class=\"elementor-progress-bar\" data-max=\"80\">\n\t\t\t\t<span class=\"elementor-progress-text\">Agente Inmobiliario<\/span>\n\t\t\t\t\t\t\t\t\t<span class=\"elementor-progress-percentage\">80%<\/span>\n\t\t\t\t\t\t\t<\/div>\n\t\t<\/div>\n\t\t\t\t\t\t<\/div>\n\t\t\t\t<\/div>\n\t\t\t\t\t<\/div>\n\t\t<\/div>\n\t\t\t\t\t<\/div>\n\t\t<\/section>\n\t\t\t\t<section class=\"elementor-section elementor-top-section elementor-element elementor-element-e4d19a1 elementor-section-boxed elementor-section-height-default elementor-section-height-default\" data-id=\"e4d19a1\" data-element_type=\"section\" data-settings=\"{&quot;background_background&quot;:&quot;classic&quot;}\">\n\t\t\t\t\t\t<div class=\"elementor-container elementor-column-gap-default\">\n\t\t\t\t\t<div class=\"elementor-column elementor-col-50 elementor-top-column elementor-element elementor-element-74ddae61\" data-id=\"74ddae61\" data-element_type=\"column\">\n\t\t\t<div class=\"elementor-widget-wrap elementor-element-populated\">\n\t\t\t\t\t\t<div class=\"elementor-element elementor-element-26d34108 elementor-widget elementor-widget-spacer\" data-id=\"26d34108\" data-element_type=\"widget\" data-widget_type=\"spacer.default\">\n\t\t\t\t<div class=\"elementor-widget-container\">\n\t\t\t\t\t\t\t<div class=\"elementor-spacer\">\n\t\t\t<div class=\"elementor-spacer-inner\"><\/div>\n\t\t<\/div>\n\t\t\t\t\t\t<\/div>\n\t\t\t\t<\/div>\n\t\t\t\t<div class=\"elementor-element elementor-element-52d92060 elementor-widget elementor-widget-heading\" data-id=\"52d92060\" data-element_type=\"widget\" data-widget_type=\"heading.default\">\n\t\t\t\t<div class=\"elementor-widget-container\">\n\t\t\t\t\t<h2 class=\"elementor-heading-title elementor-size-default\">En esta lecci\u00f3n descubrir\u00e1s a detalle cada documento que requieres para armar un expediente inmobilario para una compraventa.<\/h2>\t\t\t\t<\/div>\n\t\t\t\t<\/div>\n\t\t\t\t\t<\/div>\n\t\t<\/div>\n\t\t\t\t<div class=\"elementor-column elementor-col-50 elementor-top-column elementor-element elementor-element-22a22ce4\" data-id=\"22a22ce4\" data-element_type=\"column\">\n\t\t\t<div class=\"elementor-widget-wrap elementor-element-populated\">\n\t\t\t\t\t\t<div class=\"elementor-element elementor-element-57c6c1ca elementor-widget elementor-widget-shortcode\" data-id=\"57c6c1ca\" data-element_type=\"widget\" data-widget_type=\"shortcode.default\">\n\t\t\t\t<div class=\"elementor-widget-container\">\n\t\t\t\t\t\t\t<div class=\"elementor-shortcode\"><div class=\"video-wrapper\" style=\"position:relative;padding-top:56.25%;background:#000;\">\n    <!-- Reproductor Principal -->\n    <video \n        id=\"primary-player\"\n        class=\"video-player\"\n        controls\n        playsinline\n        webkit-playsinline\n        preload=\"metadata\"\n        style=\"position:absolute;top:0;left:0;width:100%;height:100%;\"\n    >\n        <source src=\"https:\/\/iframe.mediadelivery.net\/play\/238024\/cfbe9577-a7be-4e21-8991-7676130a4fb6\" type=\"video\/mp4\">\n    <\/video>\n\n    <!-- Reproductor de Respaldo (iframe) -->\n    <div id=\"fallback-player\" style=\"display:none;position:absolute;top:0;left:0;width:100%;height:100%;\">\n        <iframe \n            data-src=\"https:\/\/iframe.mediadelivery.net\/embed\/238024\/cfbe9577-a7be-4e21-8991-7676130a4fb6?autoplay=false&preload=true\"\n            style=\"border:0;width:100%;height:100%;\"\n            allow=\"accelerometer;gyroscope;autoplay;encrypted-media;picture-in-picture;\"\n            allowfullscreen=\"true\"\n            loading=\"lazy\"\n         src=\"data:image\/gif;base64,R0lGODlhAQABAAAAACH5BAEKAAEALAAAAAABAAEAAAICTAEAOw==\" class=\"lazyload\" data-load-mode=\"1\"><\/iframe>\n    <\/div>\n\n    <!-- Mensaje de Error -->\n    <div id=\"error-message\" style=\"display:none;position:absolute;top:50%;left:50%;transform:translate(-50%,-50%);color:white;text-align:center;\">\n        <p>El video no se pudo cargar. <button onclick=\"retryLoad()\" style=\"background:#0066cc;color:white;border:none;padding:8px 16px;border-radius:4px;cursor:pointer;\">Reintentar<\/button><\/p>\n    <\/div>\n<\/div>\n\n<script>\ndocument.addEventListener('DOMContentLoaded', function() {\n    const primaryPlayer = document.getElementById('primary-player');\n    const fallbackPlayer = document.getElementById('fallback-player');\n    const errorMessage = document.getElementById('error-message');\n    \n    \/\/ Verificar si el video principal carga\n    primaryPlayer.addEventListener('error', function() {\n        primaryPlayer.style.display = 'none';\n        fallbackPlayer.style.display = 'block';\n    });\n\n    \/\/ Si el reproductor principal no carga en 5 segundos, mostrar el fallback\n    setTimeout(function() {\n        if (primaryPlayer.readyState === 0) {\n            primaryPlayer.style.display = 'none';\n            fallbackPlayer.style.display = 'block';\n        }\n    }, 5000);\n\n    \/\/ Verificar si el fallback tambi\u00e9n falla\n    const iframe = fallbackPlayer.querySelector('iframe');\n    iframe.addEventListener('error', function() {\n        fallbackPlayer.style.display = 'none';\n        errorMessage.style.display = 'block';\n    });\n});\n\nfunction retryLoad() {\n    location.reload();\n}\n<\/script><\/div>\n\t\t\t\t\t\t<\/div>\n\t\t\t\t<\/div>\n\t\t\t\t\t<\/div>\n\t\t<\/div>\n\t\t\t\t\t<\/div>\n\t\t<\/section>\n\t\t\t\t<section class=\"elementor-section elementor-top-section elementor-element elementor-element-135dd842 elementor-section-boxed elementor-section-height-default elementor-section-height-default\" data-id=\"135dd842\" data-element_type=\"section\">\n\t\t\t\t\t\t<div class=\"elementor-container elementor-column-gap-default\">\n\t\t\t\t\t<div class=\"elementor-column elementor-col-50 elementor-top-column elementor-element elementor-element-29b1addd\" data-id=\"29b1addd\" data-element_type=\"column\">\n\t\t\t<div class=\"elementor-widget-wrap elementor-element-populated\">\n\t\t\t\t\t\t<div class=\"elementor-element elementor-element-41ec97da elementor-align-right elementor-widget elementor-widget-button\" data-id=\"41ec97da\" data-element_type=\"widget\" data-widget_type=\"button.default\">\n\t\t\t\t<div class=\"elementor-widget-container\">\n\t\t\t\t\t\t\t\t\t<div class=\"elementor-button-wrapper\">\n\t\t\t\t\t<a class=\"elementor-button elementor-button-link elementor-size-sm elementor-animation-grow\" href=\"\">\n\t\t\t\t\t\t<span class=\"elementor-button-content-wrapper\">\n\t\t\t\t\t\t<span class=\"elementor-button-icon\">\n\t\t\t\t<i aria-hidden=\"true\" class=\"far fa-arrow-alt-circle-left\"><\/i>\t\t\t<\/span>\n\t\t\t\t\t\t\t\t\t<span class=\"elementor-button-text\">Regresar al men\u00fa<\/span>\n\t\t\t\t\t<\/span>\n\t\t\t\t\t<\/a>\n\t\t\t\t<\/div>\n\t\t\t\t\t\t\t\t<\/div>\n\t\t\t\t<\/div>\n\t\t\t\t\t<\/div>\n\t\t<\/div>\n\t\t\t\t<div class=\"elementor-column elementor-col-50 elementor-top-column elementor-element elementor-element-6d3e1b52\" data-id=\"6d3e1b52\" data-element_type=\"column\">\n\t\t\t<div class=\"elementor-widget-wrap elementor-element-populated\">\n\t\t\t\t\t\t<div class=\"elementor-element elementor-element-373421b6 elementor-widget elementor-widget-button\" data-id=\"373421b6\" data-element_type=\"widget\" data-widget_type=\"button.default\">\n\t\t\t\t<div class=\"elementor-widget-container\">\n\t\t\t\t\t\t\t\t\t<div class=\"elementor-button-wrapper\">\n\t\t\t\t\t<a class=\"elementor-button elementor-button-link elementor-size-sm elementor-animation-grow\" href=\"https:\/\/orbienesraicesinstitute.com\/index.php\/examen-unidad-3\">\n\t\t\t\t\t\t<span class=\"elementor-button-content-wrapper\">\n\t\t\t\t\t\t<span class=\"elementor-button-icon\">\n\t\t\t\t<i aria-hidden=\"true\" class=\"far fa-arrow-alt-circle-right\"><\/i>\t\t\t<\/span>\n\t\t\t\t\t\t\t\t\t<span class=\"elementor-button-text\">Siguiente lecci\u00f3n<\/span>\n\t\t\t\t\t<\/span>\n\t\t\t\t\t<\/a>\n\t\t\t\t<\/div>\n\t\t\t\t\t\t\t\t<\/div>\n\t\t\t\t<\/div>\n\t\t\t\t\t<\/div>\n\t\t<\/div>\n\t\t\t\t\t<\/div>\n\t\t<\/section>\n\t\t\t\t<\/div>\n\t\t","protected":false},"excerpt":{"rendered":"<p>DOCUMENTOS A UTILIZAR EN EL NEGOCIO INMOBILIARIO DE COMERCIALIZACI\u00d3N Avance del modulo Agente Inmobiliario 80% En esta lecci\u00f3n descubrir\u00e1s a detalle cada documento que requieres para armar un expediente inmobilario para una compraventa. El video no se pudo cargar. Reintentar Regresar al men\u00fa Siguiente lecci\u00f3n<\/p>\n","protected":false},"author":1,"featured_media":0,"parent":0,"menu_order":0,"comment_status":"closed","ping_status":"closed","template":"elementor_header_footer","meta":{"_acf_changed":false,"footnotes":""},"class_list":["post-2739","page","type-page","status-publish","hentry"],"acf":[],"_links":{"self":[{"href":"https:\/\/orbienesraicesinstitute.com\/index.php\/wp-json\/wp\/v2\/pages\/2739","targetHints":{"allow":["GET"]}}],"collection":[{"href":"https:\/\/orbienesraicesinstitute.com\/index.php\/wp-json\/wp\/v2\/pages"}],"about":[{"href":"https:\/\/orbienesraicesinstitute.com\/index.php\/wp-json\/wp\/v2\/types\/page"}],"author":[{"embeddable":true,"href":"https:\/\/orbienesraicesinstitute.com\/index.php\/wp-json\/wp\/v2\/users\/1"}],"replies":[{"embeddable":true,"href":"https:\/\/orbienesraicesinstitute.com\/index.php\/wp-json\/wp\/v2\/comments?post=2739"}],"version-history":[{"count":10,"href":"https:\/\/orbienesraicesinstitute.com\/index.php\/wp-json\/wp\/v2\/pages\/2739\/revisions"}],"predecessor-version":[{"id":2848,"href":"https:\/\/orbienesraicesinstitute.com\/index.php\/wp-json\/wp\/v2\/pages\/2739\/revisions\/2848"}],"wp:attachment":[{"href":"https:\/\/orbienesraicesinstitute.com\/index.php\/wp-json\/wp\/v2\/media?parent=2739"}],"curies":[{"name":"wp","href":"https:\/\/api.w.org\/{rel}","templated":true}]}}