{"id":2731,"date":"2025-01-16T10:15:04","date_gmt":"2025-01-16T16:15:04","guid":{"rendered":"https:\/\/orbienesraicesinstitute.com\/?page_id=2731"},"modified":"2025-01-23T19:53:21","modified_gmt":"2025-01-24T01:53:21","slug":"introduccion-al-derecho-inmobiliario-mexicano","status":"publish","type":"page","link":"https:\/\/orbienesraicesinstitute.com\/index.php\/introduccion-al-derecho-inmobiliario-mexicano\/","title":{"rendered":"Introducci\u00f3n al Derecho Inmobiliario Mexicano\u200b"},"content":{"rendered":"\t\t<div data-elementor-type=\"wp-page\" data-elementor-id=\"2731\" class=\"elementor elementor-2731\" data-elementor-post-type=\"page\">\n\t\t\t\t\t\t<section class=\"elementor-section elementor-top-section elementor-element elementor-element-1b608d46 elementor-section-boxed elementor-section-height-default elementor-section-height-default\" data-id=\"1b608d46\" data-element_type=\"section\" data-settings=\"{&quot;background_background&quot;:&quot;classic&quot;,&quot;background_motion_fx_motion_fx_scrolling&quot;:&quot;yes&quot;,&quot;background_motion_fx_translateY_effect&quot;:&quot;yes&quot;,&quot;background_motion_fx_translateY_speed&quot;:{&quot;unit&quot;:&quot;px&quot;,&quot;size&quot;:4,&quot;sizes&quot;:[]},&quot;background_motion_fx_translateY_affectedRange&quot;:{&quot;unit&quot;:&quot;%&quot;,&quot;size&quot;:&quot;&quot;,&quot;sizes&quot;:{&quot;start&quot;:0,&quot;end&quot;:100}},&quot;background_motion_fx_devices&quot;:[&quot;desktop&quot;,&quot;tablet&quot;,&quot;mobile&quot;]}\">\n\t\t\t\t\t\t\t<div class=\"elementor-background-overlay\"><\/div>\n\t\t\t\t\t\t\t<div class=\"elementor-container elementor-column-gap-default\">\n\t\t\t\t\t<div class=\"elementor-column elementor-col-100 elementor-top-column elementor-element elementor-element-c44f0\" data-id=\"c44f0\" data-element_type=\"column\">\n\t\t\t<div class=\"elementor-widget-wrap elementor-element-populated\">\n\t\t\t\t\t\t<div class=\"elementor-element elementor-element-58db8feb elementor-widget elementor-widget-spacer\" data-id=\"58db8feb\" data-element_type=\"widget\" data-widget_type=\"spacer.default\">\n\t\t\t\t<div class=\"elementor-widget-container\">\n\t\t\t\t\t\t\t<div class=\"elementor-spacer\">\n\t\t\t<div class=\"elementor-spacer-inner\"><\/div>\n\t\t<\/div>\n\t\t\t\t\t\t<\/div>\n\t\t\t\t<\/div>\n\t\t\t\t<div class=\"elementor-element elementor-element-2fe59bb9 elementor-widget elementor-widget-heading\" data-id=\"2fe59bb9\" data-element_type=\"widget\" data-widget_type=\"heading.default\">\n\t\t\t\t<div class=\"elementor-widget-container\">\n\t\t\t\t\t<h2 class=\"elementor-heading-title elementor-size-default\">INTRODUCCI\u00d3N<\/h2>\t\t\t\t<\/div>\n\t\t\t\t<\/div>\n\t\t\t\t<div class=\"elementor-element elementor-element-39540a45 elementor-widget elementor-widget-heading\" data-id=\"39540a45\" data-element_type=\"widget\" data-widget_type=\"heading.default\">\n\t\t\t\t<div class=\"elementor-widget-container\">\n\t\t\t\t\t<h2 class=\"elementor-heading-title elementor-size-default\">AL DERECHO INMOBILIARIO MEXICANO<\/h2>\t\t\t\t<\/div>\n\t\t\t\t<\/div>\n\t\t\t\t<div class=\"elementor-element elementor-element-762e5807 elementor-widget elementor-widget-spacer\" data-id=\"762e5807\" data-element_type=\"widget\" data-widget_type=\"spacer.default\">\n\t\t\t\t<div class=\"elementor-widget-container\">\n\t\t\t\t\t\t\t<div class=\"elementor-spacer\">\n\t\t\t<div class=\"elementor-spacer-inner\"><\/div>\n\t\t<\/div>\n\t\t\t\t\t\t<\/div>\n\t\t\t\t<\/div>\n\t\t\t\t\t<\/div>\n\t\t<\/div>\n\t\t\t\t\t<\/div>\n\t\t<\/section>\n\t\t\t\t<section class=\"elementor-section elementor-top-section elementor-element elementor-element-50f98977 elementor-section-boxed elementor-section-height-default elementor-section-height-default\" data-id=\"50f98977\" data-element_type=\"section\">\n\t\t\t\t\t\t<div class=\"elementor-container elementor-column-gap-default\">\n\t\t\t\t\t<div class=\"elementor-column elementor-col-100 elementor-top-column elementor-element elementor-element-2b413f98\" data-id=\"2b413f98\" data-element_type=\"column\">\n\t\t\t<div class=\"elementor-widget-wrap elementor-element-populated\">\n\t\t\t\t\t\t<div class=\"elementor-element elementor-element-9b96ac0 elementor-widget elementor-widget-spacer\" data-id=\"9b96ac0\" data-element_type=\"widget\" data-widget_type=\"spacer.default\">\n\t\t\t\t<div class=\"elementor-widget-container\">\n\t\t\t\t\t\t\t<div class=\"elementor-spacer\">\n\t\t\t<div class=\"elementor-spacer-inner\"><\/div>\n\t\t<\/div>\n\t\t\t\t\t\t<\/div>\n\t\t\t\t<\/div>\n\t\t\t\t<div class=\"elementor-element elementor-element-60f95c49 elementor-widget elementor-widget-progress\" data-id=\"60f95c49\" data-element_type=\"widget\" data-widget_type=\"progress.default\">\n\t\t\t\t<div class=\"elementor-widget-container\">\n\t\t\t\t\t\t\t\t<span class=\"elementor-title\" id=\"elementor-progress-bar-60f95c49\">\n\t\t\t\tAvance del modulo\t\t\t<\/span>\n\t\t\n\t\t<div aria-labelledby=\"elementor-progress-bar-60f95c49\" class=\"elementor-progress-wrapper\" role=\"progressbar\" aria-valuemin=\"0\" aria-valuemax=\"100\" aria-valuenow=\"50\" aria-valuetext=\"50% (Agente inmobiliario)\">\n\t\t\t<div class=\"elementor-progress-bar\" data-max=\"50\">\n\t\t\t\t<span class=\"elementor-progress-text\">Agente inmobiliario<\/span>\n\t\t\t\t\t\t\t\t\t<span class=\"elementor-progress-percentage\">50%<\/span>\n\t\t\t\t\t\t\t<\/div>\n\t\t<\/div>\n\t\t\t\t\t\t<\/div>\n\t\t\t\t<\/div>\n\t\t\t\t\t<\/div>\n\t\t<\/div>\n\t\t\t\t\t<\/div>\n\t\t<\/section>\n\t\t\t\t<section class=\"elementor-section elementor-top-section elementor-element elementor-element-509df72a elementor-section-boxed elementor-section-height-default elementor-section-height-default\" data-id=\"509df72a\" data-element_type=\"section\" data-settings=\"{&quot;background_background&quot;:&quot;classic&quot;}\">\n\t\t\t\t\t\t<div class=\"elementor-container elementor-column-gap-default\">\n\t\t\t\t\t<div class=\"elementor-column elementor-col-50 elementor-top-column elementor-element elementor-element-6327e9db\" data-id=\"6327e9db\" data-element_type=\"column\">\n\t\t\t<div class=\"elementor-widget-wrap elementor-element-populated\">\n\t\t\t\t\t\t<div class=\"elementor-element elementor-element-14d0f993 elementor-widget elementor-widget-spacer\" data-id=\"14d0f993\" data-element_type=\"widget\" data-widget_type=\"spacer.default\">\n\t\t\t\t<div class=\"elementor-widget-container\">\n\t\t\t\t\t\t\t<div class=\"elementor-spacer\">\n\t\t\t<div class=\"elementor-spacer-inner\"><\/div>\n\t\t<\/div>\n\t\t\t\t\t\t<\/div>\n\t\t\t\t<\/div>\n\t\t\t\t<div class=\"elementor-element elementor-element-750c8017 elementor-widget elementor-widget-heading\" data-id=\"750c8017\" data-element_type=\"widget\" data-widget_type=\"heading.default\">\n\t\t\t\t<div class=\"elementor-widget-container\">\n\t\t\t\t\t<h2 class=\"elementor-heading-title elementor-size-default\">Es momento de conocer los fundamentos b\u00e1sicos del Derecho Inmobiliario Mexicano que necesitar\u00e1s para ser un exitoso Agente Inmobiliario.<\/h2>\t\t\t\t<\/div>\n\t\t\t\t<\/div>\n\t\t\t\t\t<\/div>\n\t\t<\/div>\n\t\t\t\t<div class=\"elementor-column elementor-col-50 elementor-top-column elementor-element elementor-element-12148f3a\" data-id=\"12148f3a\" data-element_type=\"column\">\n\t\t\t<div class=\"elementor-widget-wrap elementor-element-populated\">\n\t\t\t\t\t\t<div class=\"elementor-element elementor-element-577c2959 elementor-widget elementor-widget-shortcode\" data-id=\"577c2959\" data-element_type=\"widget\" data-widget_type=\"shortcode.default\">\n\t\t\t\t<div class=\"elementor-widget-container\">\n\t\t\t\t\t\t\t<div class=\"elementor-shortcode\"><div class=\"video-wrapper\" style=\"position:relative;padding-top:56.25%;background:#000;\">\n    <!-- Reproductor Principal -->\n    <video \n        id=\"primary-player\"\n        class=\"video-player\"\n        controls\n        playsinline\n        webkit-playsinline\n        preload=\"metadata\"\n        style=\"position:absolute;top:0;left:0;width:100%;height:100%;\"\n    >\n        <source src=\"https:\/\/iframe.mediadelivery.net\/play\/238024\/5d0a524c-ce22-46b4-9fcc-a74bcee7dffa\" type=\"video\/mp4\">\n    <\/video>\n\n    <!-- Reproductor de Respaldo (iframe) -->\n    <div id=\"fallback-player\" style=\"display:none;position:absolute;top:0;left:0;width:100%;height:100%;\">\n        <iframe \n            data-src=\"https:\/\/iframe.mediadelivery.net\/embed\/238024\/5d0a524c-ce22-46b4-9fcc-a74bcee7dffa?autoplay=false&preload=true\"\n            style=\"border:0;width:100%;height:100%;\"\n            allow=\"accelerometer;gyroscope;autoplay;encrypted-media;picture-in-picture;\"\n            allowfullscreen=\"true\"\n            loading=\"lazy\"\n         src=\"data:image\/gif;base64,R0lGODlhAQABAAAAACH5BAEKAAEALAAAAAABAAEAAAICTAEAOw==\" class=\"lazyload\" data-load-mode=\"1\"><\/iframe>\n    <\/div>\n\n    <!-- Mensaje de Error -->\n    <div id=\"error-message\" style=\"display:none;position:absolute;top:50%;left:50%;transform:translate(-50%,-50%);color:white;text-align:center;\">\n        <p>El video no se pudo cargar. <button onclick=\"retryLoad()\" style=\"background:#0066cc;color:white;border:none;padding:8px 16px;border-radius:4px;cursor:pointer;\">Reintentar<\/button><\/p>\n    <\/div>\n<\/div>\n\n<script>\ndocument.addEventListener('DOMContentLoaded', function() {\n    const primaryPlayer = document.getElementById('primary-player');\n    const fallbackPlayer = document.getElementById('fallback-player');\n    const errorMessage = document.getElementById('error-message');\n    \n    \/\/ Verificar si el video principal carga\n    primaryPlayer.addEventListener('error', function() {\n        primaryPlayer.style.display = 'none';\n        fallbackPlayer.style.display = 'block';\n    });\n\n    \/\/ Si el reproductor principal no carga en 5 segundos, mostrar el fallback\n    setTimeout(function() {\n        if (primaryPlayer.readyState === 0) {\n            primaryPlayer.style.display = 'none';\n            fallbackPlayer.style.display = 'block';\n        }\n    }, 5000);\n\n    \/\/ Verificar si el fallback tambi\u00e9n falla\n    const iframe = fallbackPlayer.querySelector('iframe');\n    iframe.addEventListener('error', function() {\n        fallbackPlayer.style.display = 'none';\n        errorMessage.style.display = 'block';\n    });\n});\n\nfunction retryLoad() {\n    location.reload();\n}\n<\/script><\/div>\n\t\t\t\t\t\t<\/div>\n\t\t\t\t<\/div>\n\t\t\t\t\t<\/div>\n\t\t<\/div>\n\t\t\t\t\t<\/div>\n\t\t<\/section>\n\t\t\t\t<section class=\"elementor-section elementor-top-section elementor-element elementor-element-6342a86b elementor-section-boxed elementor-section-height-default elementor-section-height-default\" data-id=\"6342a86b\" data-element_type=\"section\">\n\t\t\t\t\t\t<div class=\"elementor-container elementor-column-gap-default\">\n\t\t\t\t\t<div class=\"elementor-column elementor-col-50 elementor-top-column elementor-element elementor-element-48960cb6\" data-id=\"48960cb6\" data-element_type=\"column\">\n\t\t\t<div class=\"elementor-widget-wrap elementor-element-populated\">\n\t\t\t\t\t\t<div class=\"elementor-element elementor-element-6bdc8338 elementor-align-right elementor-widget elementor-widget-button\" data-id=\"6bdc8338\" data-element_type=\"widget\" data-widget_type=\"button.default\">\n\t\t\t\t<div class=\"elementor-widget-container\">\n\t\t\t\t\t\t\t\t\t<div class=\"elementor-button-wrapper\">\n\t\t\t\t\t<a class=\"elementor-button elementor-button-link elementor-size-sm elementor-animation-grow\" href=\"https:\/\/orbienesraicesinstitute.com\/index.php\/area-de-cursos\">\n\t\t\t\t\t\t<span class=\"elementor-button-content-wrapper\">\n\t\t\t\t\t\t<span class=\"elementor-button-icon\">\n\t\t\t\t<i aria-hidden=\"true\" class=\"far fa-arrow-alt-circle-left\"><\/i>\t\t\t<\/span>\n\t\t\t\t\t\t\t\t\t<span class=\"elementor-button-text\">Regresar al men\u00fa<\/span>\n\t\t\t\t\t<\/span>\n\t\t\t\t\t<\/a>\n\t\t\t\t<\/div>\n\t\t\t\t\t\t\t\t<\/div>\n\t\t\t\t<\/div>\n\t\t\t\t\t<\/div>\n\t\t<\/div>\n\t\t\t\t<div class=\"elementor-column elementor-col-50 elementor-top-column elementor-element elementor-element-29661e31\" data-id=\"29661e31\" data-element_type=\"column\">\n\t\t\t<div class=\"elementor-widget-wrap elementor-element-populated\">\n\t\t\t\t\t\t<div class=\"elementor-element elementor-element-6281b795 elementor-widget elementor-widget-button\" data-id=\"6281b795\" data-element_type=\"widget\" data-widget_type=\"button.default\">\n\t\t\t\t<div class=\"elementor-widget-container\">\n\t\t\t\t\t\t\t\t\t<div class=\"elementor-button-wrapper\">\n\t\t\t\t\t<a class=\"elementor-button elementor-button-link elementor-size-sm elementor-animation-grow\" href=\"https:\/\/orbienesraicesinstitute.com\/index.php\/documentos-a-utilizar-en-el-negocio-inmobiliario-de-comercializacion\">\n\t\t\t\t\t\t<span class=\"elementor-button-content-wrapper\">\n\t\t\t\t\t\t<span class=\"elementor-button-icon\">\n\t\t\t\t<i aria-hidden=\"true\" class=\"far fa-arrow-alt-circle-right\"><\/i>\t\t\t<\/span>\n\t\t\t\t\t\t\t\t\t<span class=\"elementor-button-text\">Siguiente lecci\u00f3n<\/span>\n\t\t\t\t\t<\/span>\n\t\t\t\t\t<\/a>\n\t\t\t\t<\/div>\n\t\t\t\t\t\t\t\t<\/div>\n\t\t\t\t<\/div>\n\t\t\t\t\t<\/div>\n\t\t<\/div>\n\t\t\t\t\t<\/div>\n\t\t<\/section>\n\t\t\t\t<\/div>\n\t\t","protected":false},"excerpt":{"rendered":"<p>INTRODUCCI\u00d3N AL DERECHO INMOBILIARIO MEXICANO Avance del modulo Agente inmobiliario 50% Es momento de conocer los fundamentos b\u00e1sicos del Derecho Inmobiliario Mexicano que necesitar\u00e1s para ser un exitoso Agente Inmobiliario. El video no se pudo cargar. Reintentar Regresar al men\u00fa Siguiente lecci\u00f3n<\/p>\n","protected":false},"author":1,"featured_media":0,"parent":0,"menu_order":0,"comment_status":"closed","ping_status":"closed","template":"elementor_header_footer","meta":{"_acf_changed":false,"footnotes":""},"class_list":["post-2731","page","type-page","status-publish","hentry"],"acf":[],"_links":{"self":[{"href":"https:\/\/orbienesraicesinstitute.com\/index.php\/wp-json\/wp\/v2\/pages\/2731","targetHints":{"allow":["GET"]}}],"collection":[{"href":"https:\/\/orbienesraicesinstitute.com\/index.php\/wp-json\/wp\/v2\/pages"}],"about":[{"href":"https:\/\/orbienesraicesinstitute.com\/index.php\/wp-json\/wp\/v2\/types\/page"}],"author":[{"embeddable":true,"href":"https:\/\/orbienesraicesinstitute.com\/index.php\/wp-json\/wp\/v2\/users\/1"}],"replies":[{"embeddable":true,"href":"https:\/\/orbienesraicesinstitute.com\/index.php\/wp-json\/wp\/v2\/comments?post=2731"}],"version-history":[{"count":7,"href":"https:\/\/orbienesraicesinstitute.com\/index.php\/wp-json\/wp\/v2\/pages\/2731\/revisions"}],"predecessor-version":[{"id":2845,"href":"https:\/\/orbienesraicesinstitute.com\/index.php\/wp-json\/wp\/v2\/pages\/2731\/revisions\/2845"}],"wp:attachment":[{"href":"https:\/\/orbienesraicesinstitute.com\/index.php\/wp-json\/wp\/v2\/media?parent=2731"}],"curies":[{"name":"wp","href":"https:\/\/api.w.org\/{rel}","templated":true}]}}