{"id":2645,"date":"2025-01-16T08:23:07","date_gmt":"2025-01-16T14:23:07","guid":{"rendered":"https:\/\/orbienesraicesinstitute.com\/?page_id=2645"},"modified":"2025-01-23T19:46:10","modified_gmt":"2025-01-24T01:46:10","slug":"como-crear-mi-calendario-de-actividades","status":"publish","type":"page","link":"https:\/\/orbienesraicesinstitute.com\/index.php\/como-crear-mi-calendario-de-actividades\/","title":{"rendered":"\u00bfC\u00f3mo crear mi Calendario de Actividades?"},"content":{"rendered":"\t\t<div data-elementor-type=\"wp-page\" data-elementor-id=\"2645\" class=\"elementor elementor-2645\" data-elementor-post-type=\"page\">\n\t\t\t\t\t\t<section class=\"elementor-section elementor-top-section elementor-element elementor-element-3f4c3abb elementor-section-boxed elementor-section-height-default elementor-section-height-default\" data-id=\"3f4c3abb\" data-element_type=\"section\" data-settings=\"{&quot;background_background&quot;:&quot;classic&quot;,&quot;background_motion_fx_motion_fx_scrolling&quot;:&quot;yes&quot;,&quot;background_motion_fx_translateY_effect&quot;:&quot;yes&quot;,&quot;background_motion_fx_translateY_speed&quot;:{&quot;unit&quot;:&quot;px&quot;,&quot;size&quot;:4,&quot;sizes&quot;:[]},&quot;background_motion_fx_translateY_affectedRange&quot;:{&quot;unit&quot;:&quot;%&quot;,&quot;size&quot;:&quot;&quot;,&quot;sizes&quot;:{&quot;start&quot;:0,&quot;end&quot;:100}},&quot;background_motion_fx_devices&quot;:[&quot;desktop&quot;,&quot;tablet&quot;,&quot;mobile&quot;]}\">\n\t\t\t\t\t\t\t<div class=\"elementor-background-overlay\"><\/div>\n\t\t\t\t\t\t\t<div class=\"elementor-container elementor-column-gap-default\">\n\t\t\t\t\t<div class=\"elementor-column elementor-col-100 elementor-top-column elementor-element elementor-element-6b24f3a6\" data-id=\"6b24f3a6\" data-element_type=\"column\">\n\t\t\t<div class=\"elementor-widget-wrap elementor-element-populated\">\n\t\t\t\t\t\t<div class=\"elementor-element elementor-element-2fbd7f3a elementor-widget elementor-widget-spacer\" data-id=\"2fbd7f3a\" data-element_type=\"widget\" data-widget_type=\"spacer.default\">\n\t\t\t\t<div class=\"elementor-widget-container\">\n\t\t\t\t\t\t\t<div class=\"elementor-spacer\">\n\t\t\t<div class=\"elementor-spacer-inner\"><\/div>\n\t\t<\/div>\n\t\t\t\t\t\t<\/div>\n\t\t\t\t<\/div>\n\t\t\t\t<div class=\"elementor-element elementor-element-61005157 elementor-widget elementor-widget-heading\" data-id=\"61005157\" data-element_type=\"widget\" data-widget_type=\"heading.default\">\n\t\t\t\t<div class=\"elementor-widget-container\">\n\t\t\t\t\t<h2 class=\"elementor-heading-title elementor-size-default\">\u00bfC\u00d3MO CREAR <\/h2>\t\t\t\t<\/div>\n\t\t\t\t<\/div>\n\t\t\t\t<div class=\"elementor-element elementor-element-722ba81c elementor-widget elementor-widget-heading\" data-id=\"722ba81c\" data-element_type=\"widget\" data-widget_type=\"heading.default\">\n\t\t\t\t<div class=\"elementor-widget-container\">\n\t\t\t\t\t<h2 class=\"elementor-heading-title elementor-size-default\">MI CALENDARIO DE ACTIVIDADES?<\/h2>\t\t\t\t<\/div>\n\t\t\t\t<\/div>\n\t\t\t\t<div class=\"elementor-element elementor-element-cfc9f79 elementor-widget elementor-widget-spacer\" data-id=\"cfc9f79\" data-element_type=\"widget\" data-widget_type=\"spacer.default\">\n\t\t\t\t<div class=\"elementor-widget-container\">\n\t\t\t\t\t\t\t<div class=\"elementor-spacer\">\n\t\t\t<div class=\"elementor-spacer-inner\"><\/div>\n\t\t<\/div>\n\t\t\t\t\t\t<\/div>\n\t\t\t\t<\/div>\n\t\t\t\t\t<\/div>\n\t\t<\/div>\n\t\t\t\t\t<\/div>\n\t\t<\/section>\n\t\t\t\t<section class=\"elementor-section elementor-top-section elementor-element elementor-element-5ab59eee elementor-section-boxed elementor-section-height-default elementor-section-height-default\" data-id=\"5ab59eee\" data-element_type=\"section\">\n\t\t\t\t\t\t<div class=\"elementor-container elementor-column-gap-default\">\n\t\t\t\t\t<div class=\"elementor-column elementor-col-100 elementor-top-column elementor-element elementor-element-f1c2244\" data-id=\"f1c2244\" data-element_type=\"column\">\n\t\t\t<div class=\"elementor-widget-wrap elementor-element-populated\">\n\t\t\t\t\t\t<div class=\"elementor-element elementor-element-6e5dae elementor-widget elementor-widget-spacer\" data-id=\"6e5dae\" data-element_type=\"widget\" data-widget_type=\"spacer.default\">\n\t\t\t\t<div class=\"elementor-widget-container\">\n\t\t\t\t\t\t\t<div class=\"elementor-spacer\">\n\t\t\t<div class=\"elementor-spacer-inner\"><\/div>\n\t\t<\/div>\n\t\t\t\t\t\t<\/div>\n\t\t\t\t<\/div>\n\t\t\t\t<div class=\"elementor-element elementor-element-466a1c75 elementor-widget elementor-widget-progress\" data-id=\"466a1c75\" data-element_type=\"widget\" data-widget_type=\"progress.default\">\n\t\t\t\t<div class=\"elementor-widget-container\">\n\t\t\t\t\t\t\t\t<span class=\"elementor-title\" id=\"elementor-progress-bar-466a1c75\">\n\t\t\t\tAvance del modulo\t\t\t<\/span>\n\t\t\n\t\t<div aria-labelledby=\"elementor-progress-bar-466a1c75\" class=\"elementor-progress-wrapper\" role=\"progressbar\" aria-valuemin=\"0\" aria-valuemax=\"100\" aria-valuenow=\"75\" aria-valuetext=\"75% (Agente inmobiliario)\">\n\t\t\t<div class=\"elementor-progress-bar\" data-max=\"75\">\n\t\t\t\t<span class=\"elementor-progress-text\">Agente inmobiliario<\/span>\n\t\t\t\t\t\t\t\t\t<span class=\"elementor-progress-percentage\">75%<\/span>\n\t\t\t\t\t\t\t<\/div>\n\t\t<\/div>\n\t\t\t\t\t\t<\/div>\n\t\t\t\t<\/div>\n\t\t\t\t\t<\/div>\n\t\t<\/div>\n\t\t\t\t\t<\/div>\n\t\t<\/section>\n\t\t\t\t<section class=\"elementor-section elementor-top-section elementor-element elementor-element-38ae4751 elementor-section-boxed elementor-section-height-default elementor-section-height-default\" data-id=\"38ae4751\" data-element_type=\"section\" data-settings=\"{&quot;background_background&quot;:&quot;classic&quot;}\">\n\t\t\t\t\t\t<div class=\"elementor-container elementor-column-gap-default\">\n\t\t\t\t\t<div class=\"elementor-column elementor-col-50 elementor-top-column elementor-element elementor-element-70b5fb1d\" data-id=\"70b5fb1d\" data-element_type=\"column\">\n\t\t\t<div class=\"elementor-widget-wrap elementor-element-populated\">\n\t\t\t\t\t\t<div class=\"elementor-element elementor-element-656778bc elementor-widget elementor-widget-spacer\" data-id=\"656778bc\" data-element_type=\"widget\" data-widget_type=\"spacer.default\">\n\t\t\t\t<div class=\"elementor-widget-container\">\n\t\t\t\t\t\t\t<div class=\"elementor-spacer\">\n\t\t\t<div class=\"elementor-spacer-inner\"><\/div>\n\t\t<\/div>\n\t\t\t\t\t\t<\/div>\n\t\t\t\t<\/div>\n\t\t\t\t<div class=\"elementor-element elementor-element-68499eb7 elementor-widget elementor-widget-heading\" data-id=\"68499eb7\" data-element_type=\"widget\" data-widget_type=\"heading.default\">\n\t\t\t\t<div class=\"elementor-widget-container\">\n\t\t\t\t\t<h2 class=\"elementor-heading-title elementor-size-default\">En esta lecci\u00f3n te ense\u00f1aremos como llevar correctamente tu calendario de actividades para tener un orden en tu agenda.<\/h2>\t\t\t\t<\/div>\n\t\t\t\t<\/div>\n\t\t\t\t\t<\/div>\n\t\t<\/div>\n\t\t\t\t<div class=\"elementor-column elementor-col-50 elementor-top-column elementor-element elementor-element-5e0f118e\" data-id=\"5e0f118e\" data-element_type=\"column\">\n\t\t\t<div class=\"elementor-widget-wrap elementor-element-populated\">\n\t\t\t\t\t\t<div class=\"elementor-element elementor-element-f3d410c elementor-widget__width-inherit elementor-widget elementor-widget-shortcode\" data-id=\"f3d410c\" data-element_type=\"widget\" data-widget_type=\"shortcode.default\">\n\t\t\t\t<div class=\"elementor-widget-container\">\n\t\t\t\t\t\t\t<div class=\"elementor-shortcode\"><div class=\"video-wrapper\" style=\"position:relative;padding-top:56.25%;background:#000;\">\n    <!-- Reproductor Principal -->\n    <video \n        id=\"primary-player\"\n        class=\"video-player\"\n        controls\n        playsinline\n        webkit-playsinline\n        preload=\"metadata\"\n        style=\"position:absolute;top:0;left:0;width:100%;height:100%;\"\n    >\n        <source src=\"https:\/\/iframe.mediadelivery.net\/play\/238024\/f1e2bec7-35f4-4b75-9a43-bf0eb089a028\" type=\"video\/mp4\">\n    <\/video>\n\n    <!-- Reproductor de Respaldo (iframe) -->\n    <div id=\"fallback-player\" style=\"display:none;position:absolute;top:0;left:0;width:100%;height:100%;\">\n        <iframe \n            data-src=\"https:\/\/iframe.mediadelivery.net\/embed\/238024\/f1e2bec7-35f4-4b75-9a43-bf0eb089a028?autoplay=false&preload=true\"\n            style=\"border:0;width:100%;height:100%;\"\n            allow=\"accelerometer;gyroscope;autoplay;encrypted-media;picture-in-picture;\"\n            allowfullscreen=\"true\"\n            loading=\"lazy\"\n         src=\"data:image\/gif;base64,R0lGODlhAQABAAAAACH5BAEKAAEALAAAAAABAAEAAAICTAEAOw==\" class=\"lazyload\" data-load-mode=\"1\"><\/iframe>\n    <\/div>\n\n    <!-- Mensaje de Error -->\n    <div id=\"error-message\" style=\"display:none;position:absolute;top:50%;left:50%;transform:translate(-50%,-50%);color:white;text-align:center;\">\n        <p>El video no se pudo cargar. <button onclick=\"retryLoad()\" style=\"background:#0066cc;color:white;border:none;padding:8px 16px;border-radius:4px;cursor:pointer;\">Reintentar<\/button><\/p>\n    <\/div>\n<\/div>\n\n<script>\ndocument.addEventListener('DOMContentLoaded', function() {\n    const primaryPlayer = document.getElementById('primary-player');\n    const fallbackPlayer = document.getElementById('fallback-player');\n    const errorMessage = document.getElementById('error-message');\n    \n    \/\/ Verificar si el video principal carga\n    primaryPlayer.addEventListener('error', function() {\n        primaryPlayer.style.display = 'none';\n        fallbackPlayer.style.display = 'block';\n    });\n\n    \/\/ Si el reproductor principal no carga en 5 segundos, mostrar el fallback\n    setTimeout(function() {\n        if (primaryPlayer.readyState === 0) {\n            primaryPlayer.style.display = 'none';\n            fallbackPlayer.style.display = 'block';\n        }\n    }, 5000);\n\n    \/\/ Verificar si el fallback tambi\u00e9n falla\n    const iframe = fallbackPlayer.querySelector('iframe');\n    iframe.addEventListener('error', function() {\n        fallbackPlayer.style.display = 'none';\n        errorMessage.style.display = 'block';\n    });\n});\n\nfunction retryLoad() {\n    location.reload();\n}\n<\/script><\/div>\n\t\t\t\t\t\t<\/div>\n\t\t\t\t<\/div>\n\t\t\t\t\t<\/div>\n\t\t<\/div>\n\t\t\t\t\t<\/div>\n\t\t<\/section>\n\t\t\t\t<section class=\"elementor-section elementor-top-section elementor-element elementor-element-6cae826e elementor-section-boxed elementor-section-height-default elementor-section-height-default\" data-id=\"6cae826e\" data-element_type=\"section\">\n\t\t\t\t\t\t<div class=\"elementor-container elementor-column-gap-default\">\n\t\t\t\t\t<div class=\"elementor-column elementor-col-50 elementor-top-column elementor-element elementor-element-7dc03190\" data-id=\"7dc03190\" data-element_type=\"column\">\n\t\t\t<div class=\"elementor-widget-wrap elementor-element-populated\">\n\t\t\t\t\t\t<div class=\"elementor-element elementor-element-585fb799 elementor-align-right elementor-widget elementor-widget-button\" data-id=\"585fb799\" data-element_type=\"widget\" data-widget_type=\"button.default\">\n\t\t\t\t<div class=\"elementor-widget-container\">\n\t\t\t\t\t\t\t\t\t<div class=\"elementor-button-wrapper\">\n\t\t\t\t\t<a class=\"elementor-button elementor-button-link elementor-size-sm elementor-animation-grow\" href=\"https:\/\/orbienesraicesinstitute.com\/index.php\/area-de-cursos\/\">\n\t\t\t\t\t\t<span class=\"elementor-button-content-wrapper\">\n\t\t\t\t\t\t<span class=\"elementor-button-icon\">\n\t\t\t\t<i aria-hidden=\"true\" class=\"far fa-arrow-alt-circle-left\"><\/i>\t\t\t<\/span>\n\t\t\t\t\t\t\t\t\t<span class=\"elementor-button-text\">Regresar al men\u00fa<\/span>\n\t\t\t\t\t<\/span>\n\t\t\t\t\t<\/a>\n\t\t\t\t<\/div>\n\t\t\t\t\t\t\t\t<\/div>\n\t\t\t\t<\/div>\n\t\t\t\t\t<\/div>\n\t\t<\/div>\n\t\t\t\t<div class=\"elementor-column elementor-col-50 elementor-top-column elementor-element elementor-element-7e44bc7a\" data-id=\"7e44bc7a\" data-element_type=\"column\">\n\t\t\t<div class=\"elementor-widget-wrap elementor-element-populated\">\n\t\t\t\t\t\t<div class=\"elementor-element elementor-element-122a4f6f elementor-widget elementor-widget-button\" data-id=\"122a4f6f\" data-element_type=\"widget\" data-widget_type=\"button.default\">\n\t\t\t\t<div class=\"elementor-widget-container\">\n\t\t\t\t\t\t\t\t\t<div class=\"elementor-button-wrapper\">\n\t\t\t\t\t<a class=\"elementor-button elementor-button-link elementor-size-sm elementor-animation-grow\" href=\"https:\/\/orbienesraicesinstitute.com\/index.php\/como-se-usa-un-crm\">\n\t\t\t\t\t\t<span class=\"elementor-button-content-wrapper\">\n\t\t\t\t\t\t<span class=\"elementor-button-icon\">\n\t\t\t\t<i aria-hidden=\"true\" class=\"far fa-arrow-alt-circle-right\"><\/i>\t\t\t<\/span>\n\t\t\t\t\t\t\t\t\t<span class=\"elementor-button-text\">Siguiente lecci\u00f3n<\/span>\n\t\t\t\t\t<\/span>\n\t\t\t\t\t<\/a>\n\t\t\t\t<\/div>\n\t\t\t\t\t\t\t\t<\/div>\n\t\t\t\t<\/div>\n\t\t\t\t\t<\/div>\n\t\t<\/div>\n\t\t\t\t\t<\/div>\n\t\t<\/section>\n\t\t\t\t<\/div>\n\t\t","protected":false},"excerpt":{"rendered":"<p>\u00bfC\u00d3MO CREAR MI CALENDARIO DE ACTIVIDADES? Avance del modulo Agente inmobiliario 75% En esta lecci\u00f3n te ense\u00f1aremos como llevar correctamente tu calendario de actividades para tener un orden en tu agenda. El video no se pudo cargar. Reintentar Regresar al men\u00fa Siguiente lecci\u00f3n<\/p>\n","protected":false},"author":1,"featured_media":0,"parent":0,"menu_order":0,"comment_status":"closed","ping_status":"closed","template":"elementor_header_footer","meta":{"_acf_changed":false,"footnotes":""},"class_list":["post-2645","page","type-page","status-publish","hentry"],"acf":[],"_links":{"self":[{"href":"https:\/\/orbienesraicesinstitute.com\/index.php\/wp-json\/wp\/v2\/pages\/2645","targetHints":{"allow":["GET"]}}],"collection":[{"href":"https:\/\/orbienesraicesinstitute.com\/index.php\/wp-json\/wp\/v2\/pages"}],"about":[{"href":"https:\/\/orbienesraicesinstitute.com\/index.php\/wp-json\/wp\/v2\/types\/page"}],"author":[{"embeddable":true,"href":"https:\/\/orbienesraicesinstitute.com\/index.php\/wp-json\/wp\/v2\/users\/1"}],"replies":[{"embeddable":true,"href":"https:\/\/orbienesraicesinstitute.com\/index.php\/wp-json\/wp\/v2\/comments?post=2645"}],"version-history":[{"count":7,"href":"https:\/\/orbienesraicesinstitute.com\/index.php\/wp-json\/wp\/v2\/pages\/2645\/revisions"}],"predecessor-version":[{"id":2815,"href":"https:\/\/orbienesraicesinstitute.com\/index.php\/wp-json\/wp\/v2\/pages\/2645\/revisions\/2815"}],"wp:attachment":[{"href":"https:\/\/orbienesraicesinstitute.com\/index.php\/wp-json\/wp\/v2\/media?parent=2645"}],"curies":[{"name":"wp","href":"https:\/\/api.w.org\/{rel}","templated":true}]}}