{"id":2581,"date":"2025-01-12T18:20:24","date_gmt":"2025-01-13T00:20:24","guid":{"rendered":"https:\/\/orbienesraicesinstitute.com\/?page_id=2581"},"modified":"2025-03-05T09:54:27","modified_gmt":"2025-03-05T15:54:27","slug":"kit-de-inicio","status":"publish","type":"page","link":"https:\/\/orbienesraicesinstitute.com\/index.php\/kit-de-inicio\/","title":{"rendered":"Kit de inicio"},"content":{"rendered":"<p>KIT DE INICIO INMOBILIARIO Carta a propietario antes de visitas al inmueble Leer m\u00e1s Definiendo tu formula del exito Leer m\u00e1s Documentos a solicitar para expediente inmobiliario Leer m\u00e1s Formato de datos t\u00e9cnicos para citas inmobiliarias Leer m\u00e1s Manual de actividades Leer m\u00e1s Mi Calendario de Actividades Inmobiliarias Leer m\u00e1s Realizar un An\u00e1lisis de Valor [&hellip;]<\/p>\n \t\t<div class=\"woocommerce\">\n\t\t\t<div class=\"woocommerce-info wc-memberships-restriction-message wc-memberships-message wc-memberships-content-restricted-message\">\n\t\t\t\tTo access this page, you must purchase <span class=\"wc-memberships-products-grant-access\"><a href=\"https:\/\/orbienesraicesinstitute.com\/index.php\/producto\/agente-or\/\">Agente OR<\/a><\/span>.\t\t    <\/div>\n\t\t<\/div>\n\t\t","protected":false},"excerpt":{"rendered":"<p>KIT DE INICIO INMOBILIARIO Carta a propietario antes de visitas al inmueble Leer m\u00e1s Definiendo tu formula del exito Leer m\u00e1s Documentos a solicitar para expediente inmobiliario Leer m\u00e1s Formato de datos t\u00e9cnicos para citas inmobiliarias Leer m\u00e1s Manual de actividades Leer m\u00e1s Mi Calendario de Actividades Inmobiliarias Leer m\u00e1s Realizar un An\u00e1lisis de Valor [&hellip;]<\/p>\n<div class=\"woocommerce\">\n<div class=\"woocommerce-info wc-memberships-restriction-message wc-memberships-message wc-memberships-content-restricted-message\">\n\t\t\t\tTo access this page, you must purchase <span class=\"wc-memberships-products-grant-access\"><a href=\"https:\/\/orbienesraicesinstitute.com\/index.php\/producto\/agente-or\/\">Agente OR<\/a><\/span>.\t\t    <\/div>\n<\/p><\/div>\n","protected":false},"author":1,"featured_media":0,"parent":0,"menu_order":0,"comment_status":"closed","ping_status":"closed","template":"elementor_header_footer","meta":{"_acf_changed":false,"footnotes":""},"class_list":["post-2581","page","type-page","status-publish","hentry","membership-content","access-restricted"],"acf":[],"_links":{"self":[{"href":"https:\/\/orbienesraicesinstitute.com\/index.php\/wp-json\/wp\/v2\/pages\/2581","targetHints":{"allow":["GET"]}}],"collection":[{"href":"https:\/\/orbienesraicesinstitute.com\/index.php\/wp-json\/wp\/v2\/pages"}],"about":[{"href":"https:\/\/orbienesraicesinstitute.com\/index.php\/wp-json\/wp\/v2\/types\/page"}],"author":[{"embeddable":true,"href":"https:\/\/orbienesraicesinstitute.com\/index.php\/wp-json\/wp\/v2\/users\/1"}],"replies":[{"embeddable":true,"href":"https:\/\/orbienesraicesinstitute.com\/index.php\/wp-json\/wp\/v2\/comments?post=2581"}],"version-history":[{"count":31,"href":"https:\/\/orbienesraicesinstitute.com\/index.php\/wp-json\/wp\/v2\/pages\/2581\/revisions"}],"predecessor-version":[{"id":3839,"href":"https:\/\/orbienesraicesinstitute.com\/index.php\/wp-json\/wp\/v2\/pages\/2581\/revisions\/3839"}],"wp:attachment":[{"href":"https:\/\/orbienesraicesinstitute.com\/index.php\/wp-json\/wp\/v2\/media?parent=2581"}],"curies":[{"name":"wp","href":"https:\/\/api.w.org\/{rel}","templated":true}]}}